{"id":52,"date":"2008-01-10T06:52:19","date_gmt":"2008-01-10T04:52:19","guid":{"rendered":"http:\/\/www.4ojos.com\/blog\/?page_id=52"},"modified":"2012-08-28T12:45:07","modified_gmt":"2012-08-28T10:45:07","slug":"leo","status":"publish","type":"page","link":"http:\/\/www.4ojos.com\/blog\/?page_id=52","title":{"rendered":"leo"},"content":{"rendered":"<p>He preparado una bibliograf\u00eda ilustrada con fotos sobre libros ilustrados relacionados con el viaje. Os dejo aqu\u00ed algunas im\u00e1genes de mis publicaciones sobre el tema . Para tener acceso a la bibliograf\u00eda comentada\u00a0 completa (unos 50 libros) mandadme un email o dejadme un comentario y os facilitar\u00e9 el enlace.<\/p>\n<p>&#8212;&#8212;&#8212;&#8212;&#8212;&#8212;&#8212;<\/p>\n<p><a href=\"http:\/\/revistabloc.es\/index.php?seccion=numero2&amp;idioma=es\" target=\"_blank\"><strong>La revista Bloc<\/strong> <\/a>dedic\u00f3 su n\u00famero 2 a las ciudades y reprodujo algunas p\u00e1ginas de mis libretas. Lo mejor, el texto de Gustavo Mart\u00edn Garzo que acompa\u00f1\u00f3 mis ilustraciones. Pod\u00e9is bajaros el art\u00edculo de<strong> <a href=\"http:\/\/www.4ojos.com\/blog\/imagenes\/leo\/BLOC_enrique_flores.pdf\" target=\"_blank\">aqu\u00ed.<\/a><\/strong><\/p>\n<p><a href=\"http:\/\/www.4ojos.com\/blog\/imagenes\/leo\/bloc.jpg\"><img loading=\"lazy\" class=\"alignnone\" src=\"http:\/\/www.4ojos.com\/blog\/imagenes\/leo\/bloc.jpg\" alt=\"\" width=\"700\" height=\"1306\" \/><\/a><\/p>\n<p>&#8212;&#8212;&#8212;&#8212;&#8212;&#8212;&#8212;<\/p>\n<p>Estas son las portadas de los cat\u00e1logos de la <a href=\"http:\/\/www.rendezvous-carnetdevoyage.com\/\" target=\"_blank\"><strong>Bienal de Carnets de Voyage de Clermont Ferrand<\/strong>.<\/a> Yo particip\u00e9 en las ediciones de 2007 y 2008. Escrib\u00ed sobre el tema <a href=\"http:\/\/www.4ojos.com\/blog\/?p=855\" target=\"_blank\"><strong>aqu\u00ed <\/strong><\/a>y <a href=\"http:\/\/www.4ojos.com\/blog\/?p=6\" target=\"_blank\"><strong>aqu\u00ed.<\/strong><\/a><\/p>\n<p><a href=\"http:\/\/www.4ojos.com\/blog\/?p=6\" target=\"_blank\"><strong> <\/strong><\/a><a href=\"http:\/\/www.4ojos.com\/blog\/imagenes\/leo\/clermont-catalogos.jpg\"><img loading=\"lazy\" class=\"alignnone\" src=\"http:\/\/www.4ojos.com\/blog\/imagenes\/leo\/clermont-catalogos.jpg\" alt=\"\" width=\"700\" height=\"524\" \/><\/a><\/p>\n<p><a href=\"http:\/\/www.4ojos.com\/blog\/imagenes\/leo\/clermont07.jpg\"><img loading=\"lazy\" class=\"alignnone\" src=\"http:\/\/www.4ojos.com\/blog\/imagenes\/leo\/clermont07.jpg\" alt=\"\" width=\"700\" height=\"550\" \/><\/a><a href=\"http:\/\/www.4ojos.com\/blog\/imagenes\/leo\/clermont08.jpg\"><img loading=\"lazy\" class=\"alignnone\" src=\"http:\/\/www.4ojos.com\/blog\/imagenes\/leo\/clermont08.jpg\" alt=\"\" width=\"700\" height=\"595\" \/><\/a><\/p>\n<p>&#8212;&#8212;&#8212;&#8212;&#8212;&#8212;&#8212;<\/p>\n<p>El Pa\u00eds Semanal dedic\u00f3 su n\u00famero del 4 de agosto de 2002 a los cuadernos de viaje. <a href=\"http:\/\/www.4ojos.com\/blog\/imagenes\/leo\/EPS-4-8-02-mio.jpg\" target=\"_blank\"><strong>Clicad aqu\u00ed <\/strong><\/a>para ver ampliada la parte que me dedicaron.<\/p>\n<p><a href=\"http:\/\/www.4ojos.com\/blog\/imagenes\/leo\/EPS-4-8-02.jpg\"><img loading=\"lazy\" class=\"alignnone\" src=\"http:\/\/www.4ojos.com\/blog\/imagenes\/leo\/EPS-4-8-02.jpg\" alt=\"\" width=\"700\" height=\"1854\" \/><\/a><\/p>\n<p>&#8212;&#8212;&#8212;&#8212;&#8212;&#8212;&#8212;<\/p>\n<p><a href=\"http:\/\/www.diariografico.com\" target=\"_blank\"><strong>Eduardo Salavisa<\/strong><\/a> se ocup\u00f3 de la edici\u00f3n de esta recopilaci\u00f3n, en portugu\u00e9s, de la obra de 35 autores que dibujan mientras viajan. Algunas p\u00e1ginas de uno de mis cuadernos de Marruecos pueden verse en la foto inferior.<\/p>\n<p><a href=\"http:\/\/www.4ojos.com\/blog\/imagenes\/leo\/diarios-viagem.jpg\"><img loading=\"lazy\" class=\"alignnone\" src=\"http:\/\/www.4ojos.com\/blog\/imagenes\/leo\/diarios-viagem.jpg\" alt=\"\" width=\"700\" height=\"1164\" \/><\/a><\/p>\n<p>&#8212;&#8212;&#8212;&#8212;&#8212;&#8212;&#8212;<\/p>\n<p>En la misma onda que el libro de Eduardo, un libro editado por <a href=\"http:\/\/www.dannygregory.com\" target=\"_blank\"><strong>Danny Gregory<\/strong><\/a>, &#8220;An illustrated life&#8221; recoge la obra de 50 autores.<\/p>\n<p><a href=\"http:\/\/www.4ojos.com\/blog\/imagenes\/leo\/illustrated-life.jpg\"><img loading=\"lazy\" class=\"alignnone\" src=\"http:\/\/www.4ojos.com\/blog\/imagenes\/leo\/illustrated-life.jpg\" alt=\"\" width=\"700\" height=\"820\" \/><\/a><\/p>\n<p>&#8212;&#8212;&#8212;&#8212;&#8212;&#8212;&#8212;<\/p>\n<p><a href=\"http:\/\/www.edicionsdeponent.com\/cgi-bin\/obra.asp?id=135\" target=\"_blank\"><strong>Edicions de Ponent <\/strong><\/a>ha publicado una recopilaci\u00f3n de las libretas que dibuj\u00e9 durante tres viajes a Cuba. Puede comprarse <a href=\"http:\/\/libros.fnac.es\/a342786\/Enrique-Flores-Marquez-Cuba-Cuaderno-de-viaje?PID=5&amp;Mn=-1&amp;Mu=-13&amp;Ra=-1&amp;To=0&amp;Nu=1&amp;Fr=0\" target=\"_blank\"><strong>aqu\u00ed.<\/strong><\/a><br \/>\nUn PDF puede descargarse de<strong> <a href=\"http:\/\/www.4ojos.com\/blog\/imagenes\/viajes\/cuba\/cuba.pdf\">aqu\u00ed. <\/a><br \/>\n<\/strong><\/p>\n<p>[youtube]http:\/\/www.youtube.com\/watch?v=-0R9yjDAf9k[\/youtube]<\/p>\n","protected":false},"excerpt":{"rendered":"<p>He preparado una bibliograf\u00eda ilustrada con fotos sobre libros ilustrados relacionados con el viaje. Os dejo aqu\u00ed algunas im\u00e1genes de mis publicaciones sobre el tema . Para tener acceso a la bibliograf\u00eda comentada\u00a0 completa (unos 50 libros) mandadme un email o dejadme un comentario y os facilitar\u00e9 el enlace. &#8212;&#8212;&#8212;&#8212;&#8212;&#8212;&#8212; La revista Bloc dedic\u00f3 su [&hellip;]<\/p>\n","protected":false},"author":1,"featured_media":0,"parent":0,"menu_order":0,"comment_status":"open","ping_status":"closed","template":"","meta":{"ngg_post_thumbnail":0},"_links":{"self":[{"href":"http:\/\/www.4ojos.com\/blog\/index.php?rest_route=\/wp\/v2\/pages\/52"}],"collection":[{"href":"http:\/\/www.4ojos.com\/blog\/index.php?rest_route=\/wp\/v2\/pages"}],"about":[{"href":"http:\/\/www.4ojos.com\/blog\/index.php?rest_route=\/wp\/v2\/types\/page"}],"author":[{"embeddable":true,"href":"http:\/\/www.4ojos.com\/blog\/index.php?rest_route=\/wp\/v2\/users\/1"}],"replies":[{"embeddable":true,"href":"http:\/\/www.4ojos.com\/blog\/index.php?rest_route=%2Fwp%2Fv2%2Fcomments&post=52"}],"version-history":[{"count":23,"href":"http:\/\/www.4ojos.com\/blog\/index.php?rest_route=\/wp\/v2\/pages\/52\/revisions"}],"predecessor-version":[{"id":8456,"href":"http:\/\/www.4ojos.com\/blog\/index.php?rest_route=\/wp\/v2\/pages\/52\/revisions\/8456"}],"wp:attachment":[{"href":"http:\/\/www.4ojos.com\/blog\/index.php?rest_route=%2Fwp%2Fv2%2Fmedia&parent=52"}],"curies":[{"name":"wp","href":"https:\/\/api.w.org\/{rel}","templated":true}]}}